{"id":1926,"date":"2020-01-09T19:09:12","date_gmt":"2020-01-09T18:09:12","guid":{"rendered":"https:\/\/chicken35.com\/commande\/?post_type=product&#038;p=1926"},"modified":"2022-10-14T20:05:05","modified_gmt":"2022-10-14T18:05:05","slug":"roll-indianna","status":"publish","type":"product","link":"https:\/\/chicken35.com\/commande\/produit\/roll-indianna\/","title":{"rendered":"Roll Indianna"},"content":{"rendered":"","protected":false},"excerpt":{"rendered":"<p>Oignons caram\u00e9lis\u00e9s, Oignons rouges, cheddar, mayonnaise, sauce, escalope de poulet pan\u00e9.<\/p>\n","protected":false},"featured_media":9455,"template":"","meta":[],"product_cat":[37],"product_tag":[],"woofood_extra_options":null,"_links":{"self":[{"href":"https:\/\/chicken35.com\/commande\/wp-json\/wp\/v2\/product\/1926"}],"collection":[{"href":"https:\/\/chicken35.com\/commande\/wp-json\/wp\/v2\/product"}],"about":[{"href":"https:\/\/chicken35.com\/commande\/wp-json\/wp\/v2\/types\/product"}],"wp:featuredmedia":[{"embeddable":true,"href":"https:\/\/chicken35.com\/commande\/wp-json\/wp\/v2\/media\/9455"}],"wp:attachment":[{"href":"https:\/\/chicken35.com\/commande\/wp-json\/wp\/v2\/media?parent=1926"}],"wp:term":[{"taxonomy":"product_cat","embeddable":true,"href":"https:\/\/chicken35.com\/commande\/wp-json\/wp\/v2\/product_cat?post=1926"},{"taxonomy":"product_tag","embeddable":true,"href":"https:\/\/chicken35.com\/commande\/wp-json\/wp\/v2\/product_tag?post=1926"}],"curies":[{"name":"wp","href":"https:\/\/api.w.org\/{rel}","templated":true}]}}