{"id":8586,"date":"2021-04-06T18:40:26","date_gmt":"2021-04-06T16:40:26","guid":{"rendered":"https:\/\/chicken35.com\/commande\/?post_type=product&#038;p=8586"},"modified":"2022-10-14T20:07:57","modified_gmt":"2022-10-14T18:07:57","slug":"roll-steak","status":"publish","type":"product","link":"https:\/\/chicken35.com\/commande\/produit\/roll-steak\/","title":{"rendered":"Roll Steak"},"content":{"rendered":"","protected":false},"excerpt":{"rendered":"<p>Oignons caram\u00e9lis\u00e9s, cornichons, cheddar, mayonnaise, ketchup, 2 steaks cuisin\u00e9s au BBQ,moutarde, miel.<\/p>\n","protected":false},"featured_media":9456,"template":"","meta":[],"product_cat":[37],"product_tag":[],"woofood_extra_options":null,"_links":{"self":[{"href":"https:\/\/chicken35.com\/commande\/wp-json\/wp\/v2\/product\/8586"}],"collection":[{"href":"https:\/\/chicken35.com\/commande\/wp-json\/wp\/v2\/product"}],"about":[{"href":"https:\/\/chicken35.com\/commande\/wp-json\/wp\/v2\/types\/product"}],"wp:featuredmedia":[{"embeddable":true,"href":"https:\/\/chicken35.com\/commande\/wp-json\/wp\/v2\/media\/9456"}],"wp:attachment":[{"href":"https:\/\/chicken35.com\/commande\/wp-json\/wp\/v2\/media?parent=8586"}],"wp:term":[{"taxonomy":"product_cat","embeddable":true,"href":"https:\/\/chicken35.com\/commande\/wp-json\/wp\/v2\/product_cat?post=8586"},{"taxonomy":"product_tag","embeddable":true,"href":"https:\/\/chicken35.com\/commande\/wp-json\/wp\/v2\/product_tag?post=8586"}],"curies":[{"name":"wp","href":"https:\/\/api.w.org\/{rel}","templated":true}]}}